{"id":3,"date":"2023-03-20T00:26:00","date_gmt":"2023-03-19T23:26:00","guid":{"rendered":"https:\/\/gaellejabesimage.com\/?page_id=3"},"modified":"2023-11-21T23:49:15","modified_gmt":"2023-11-21T22:49:15","slug":"politique-de-confidentialite","status":"publish","type":"page","link":"https:\/\/gaellejabesimage.com\/index.php\/politique-de-confidentialite\/","title":{"rendered":"Politique de confidentialit\u00e9"},"content":{"rendered":"\t\t<div data-elementor-type=\"wp-page\" data-elementor-id=\"3\" class=\"elementor elementor-3\" data-elementor-post-type=\"page\">\n\t\t\t\t\t\t<section class=\"elementor-section elementor-top-section elementor-element elementor-element-11837f02 elementor-section-boxed elementor-section-height-default elementor-section-height-default\" data-id=\"11837f02\" data-element_type=\"section\" data-e-type=\"section\">\n\t\t\t\t\t\t<div class=\"elementor-container elementor-column-gap-default\">\n\t\t\t\t\t<div class=\"elementor-column elementor-col-100 elementor-top-column elementor-element elementor-element-48dfce62\" data-id=\"48dfce62\" data-element_type=\"column\" data-e-type=\"column\">\n\t\t\t<div class=\"elementor-widget-wrap elementor-element-populated\">\n\t\t\t\t\t\t<div class=\"elementor-element elementor-element-20ef1885 elementor-widget elementor-widget-text-editor\" data-id=\"20ef1885\" data-element_type=\"widget\" data-e-type=\"widget\" data-widget_type=\"text-editor.default\">\n\t\t\t\t<div class=\"elementor-widget-container\">\n\t\t\t\t\t\t\t\t\t<p>Ga\u00eblle Jabes Image, s&rsquo;engage \u00e0 respecter la protection de vos donn\u00e9es et \u00e0 tout mettre en \u0153uvre pour que les traitements de donn\u00e9es personnelles effectu\u00e9s soient conformes au R\u00e8glement G\u00e9n\u00e9ral sur la Protection des Donn\u00e9es (RGPD).<\/p>\n<h4>Qui sommes-nous\u00a0?<\/h4>\n<p>Entrepreneur individuel, num\u00e9ro d&rsquo;immatriculation 850 188 723 au RCS de Bobigny<br \/>Notre site web : <a href=\"https:\/\/gaellejabesimage.com\">https:\/\/gaellejabesimage.com<\/a>.<\/p>\n<h4>Commentaires<\/h4>\n<p>Quand vous laissez un commentaire sur notre site, les donn\u00e9es inscrites dans le formulaire de commentaire, ainsi que votre adresse IP et l\u2019agent utilisateur de votre navigateur sont collect\u00e9s pour nous aider \u00e0 la d\u00e9tection des commentaires ind\u00e9sirables.<\/p>\n<p>Une cha\u00eene anonymis\u00e9e cr\u00e9\u00e9e \u00e0 partir de votre adresse e-mail (\u00e9galement appel\u00e9e hash) peut \u00eatre envoy\u00e9e au service Gravatar pour v\u00e9rifier si vous utilisez ce dernier. Les clauses de confidentialit\u00e9 du service Gravatar sont disponibles ici\u00a0: <a href=\"https:\/\/automattic.com\/privacy\/\">https:\/\/automattic.com\/privacy\/<\/a>. Apr\u00e8s validation de votre commentaire, votre photo de profil sera visible publiquement \u00e0 cot\u00e9 de votre commentaire.<\/p>\n<h4>M\u00e9dias<\/h4>\n<p>Si vous chargez des images sur notre site (photo de profil, &#8230;), nous vous conseillons d\u2019\u00e9viter des images contenant des donn\u00e9es EXIF de coordonn\u00e9es GPS. Les personnes visitant notre site peuvent t\u00e9l\u00e9charger et extraire des donn\u00e9es de localisation depuis ces images.<\/p>\n<h4>Cookies<\/h4>\n<p>Si vous d\u00e9posez un commentaire sur notre site, il vous sera propos\u00e9 d\u2019enregistrer votre nom, adresse e-mail et site dans des cookies. C\u2019est uniquement pour votre confort afin de ne pas avoir \u00e0 saisir ces informations si vous d\u00e9posez un autre commentaire plus tard. Ces cookies expirent au bout d\u2019un an.<\/p>\n<p>Si vous vous rendez sur la page de connexion, un cookie temporaire sera cr\u00e9\u00e9 afin de d\u00e9terminer si votre navigateur accepte les cookies. Il ne contient pas de donn\u00e9es personnelles et sera supprim\u00e9 automatiquement \u00e0 la fermeture de votre navigateur.<\/p>\n<p>Lorsque vous vous connecterez, nous mettrons en place un certain nombre de cookies pour enregistrer vos informations de connexion et vos pr\u00e9f\u00e9rences d\u2019\u00e9cran. La dur\u00e9e de vie d\u2019un cookie de connexion est de deux jours, celle d\u2019un cookie d\u2019option d\u2019\u00e9cran est d\u2019un an. Si vous cochez \u00ab\u00a0Se souvenir de moi\u00a0\u00bb, votre cookie de connexion sera conserv\u00e9 pendant deux semaines. Si vous vous d\u00e9connectez de votre compte, le cookie de connexion sera effac\u00e9.<\/p>\n<p>En modifiant ou en publiant une publication, un cookie suppl\u00e9mentaire sera enregistr\u00e9 dans votre navigateur. Ce cookie ne comprend aucune donn\u00e9e personnelle. Il indique simplement l\u2019ID de la publication que vous venez de modifier. Il expire au bout d\u2019un jour.<\/p>\n<h4>Contenu embarqu\u00e9 depuis d\u2019autres sites<\/h4>\n<p>Les pages ou les articles de ce site peuvent inclure des contenus int\u00e9gr\u00e9s (par exemple des vid\u00e9os, images, articles\u2026). Le contenu int\u00e9gr\u00e9 depuis d\u2019autres sites se comporte de la m\u00eame mani\u00e8re que si le visiteur se rendait sur cet autre site.<\/p>\n<p>Ces sites web pourraient collecter des donn\u00e9es sur vous, utiliser des cookies, embarquer des outils de suivis tiers, suivre vos interactions avec ces contenus embarqu\u00e9s si vous disposez d\u2019un compte connect\u00e9 sur leur site web.<\/p>\n<h4>Utilisation et transmission de vos donn\u00e9es personnelles<\/h4>\n<p>Si vous vous inscrivez \u00e0 un \u00e9v\u00e8nement sur notre site, vos donn\u00e9es seront, en fonction de votre choix, transmises \u00e0 nos prestataires de paiements :<\/p>\n<ul>\n<li>Stripe (paiement par carte)<\/li>\n<li>Paypal (paiement par carte ou via votre compte Paypal)<\/li>\n<\/ul>\n<p>Si vous r\u00e9servez un entretien gratuit ou remplissez un autre formulaire sur notre site, vos donn\u00e9es seront utilis\u00e9es dans le but de traiter efficacement votre demande. Elles ne seront en aucun cas c\u00e9d\u00e9es \u00e0 des tiers.<\/p>\n<p>Si vous demandez une r\u00e9initialisation de votre mot de passe, votre adresse IP sera incluse dans l\u2019e-mail de r\u00e9initialisation.<\/p>\n<h4>Dur\u00e9es de stockage de vos donn\u00e9es<\/h4>\n<p>Si vous laissez un commentaire, le commentaire et ses m\u00e9tadonn\u00e9es sont conserv\u00e9s ind\u00e9finiment. Cela permet de reconna\u00eetre et approuver automatiquement les commentaires suivants au lieu de les laisser dans la file de mod\u00e9ration.<\/p>\n<p>Si vous vous inscrivez sur notre site, nous stockons \u00e9galement les donn\u00e9es personnelles indiqu\u00e9es dans votre profil. En tant qu&rsquo;utilisateur vous pourrez voir, modifier ou supprimer ces informations \u00e0 tout moment (\u00e0 l\u2019exception de votre identifiant). Les gestionnaires du site peuvent aussi voir et modifier ces informations.<\/p>\n<h4>Les droits que vous avez sur vos donn\u00e9es<\/h4>\n<p>Si vous avez un compte ou si vous avez laiss\u00e9 des commentaires sur notre site, vous pouvez demander \u00e0 recevoir un fichier contenant toutes les donn\u00e9es personnelles que nous poss\u00e9dons \u00e0 votre sujet, incluant celles que vous nous avez fournies. Vous pouvez \u00e9galement demander la suppression des donn\u00e9es personnelles vous concernant. Cela ne prend pas en compte les donn\u00e9es stock\u00e9es \u00e0 des fins administratives, l\u00e9gales ou pour des raisons de s\u00e9curit\u00e9.<\/p>\n<p>Vous pouvez exercer ce droit par simple demande via ce <a href=\"https:\/\/gaellejabesimage.com\/index.php\/gerer-mes-donnees-personnelles\/\">formulaire<\/a>.<\/p>\n<h4>O\u00f9 vos donn\u00e9es sont envoy\u00e9es<\/h4>\n<p>Les commentaires des visiteurs peuvent \u00eatre v\u00e9rifi\u00e9s \u00e0 l\u2019aide d\u2019un service automatis\u00e9 de d\u00e9tection des commentaires ind\u00e9sirables.<\/p>\t\t\t\t\t\t\t\t<\/div>\n\t\t\t\t<\/div>\n\t\t\t\t\t<\/div>\n\t\t<\/div>\n\t\t\t\t\t<\/div>\n\t\t<\/section>\n\t\t\t\t<\/div>\n\t\t","protected":false},"excerpt":{"rendered":"<p>Ga\u00eblle Jabes Image, s&rsquo;engage \u00e0 respecter la protection de vos donn\u00e9es et \u00e0 tout mettre en \u0153uvre pour que les traitements de donn\u00e9es personnelles effectu\u00e9s soient conformes au R\u00e8glement G\u00e9n\u00e9ral sur la Protection des Donn\u00e9es (RGPD). Qui sommes-nous\u00a0? Entrepreneur individuel, num\u00e9ro d&rsquo;immatriculation 850 188 723 au RCS de BobignyNotre site [&hellip;]<\/p>\n","protected":false},"author":2,"featured_media":0,"parent":0,"menu_order":0,"comment_status":"closed","ping_status":"closed","template":"","meta":{"_editorskit_title_hidden":false,"_editorskit_reading_time":3,"_editorskit_is_block_options_detached":false,"_editorskit_block_options_position":"{}","iawp_total_views":7,"footnotes":""},"class_list":["post-3","page","type-page","status-publish","hentry"],"aioseo_notices":[],"_links":{"self":[{"href":"https:\/\/gaellejabesimage.com\/index.php\/wp-json\/wp\/v2\/pages\/3","targetHints":{"allow":["GET"]}}],"collection":[{"href":"https:\/\/gaellejabesimage.com\/index.php\/wp-json\/wp\/v2\/pages"}],"about":[{"href":"https:\/\/gaellejabesimage.com\/index.php\/wp-json\/wp\/v2\/types\/page"}],"author":[{"embeddable":true,"href":"https:\/\/gaellejabesimage.com\/index.php\/wp-json\/wp\/v2\/users\/2"}],"replies":[{"embeddable":true,"href":"https:\/\/gaellejabesimage.com\/index.php\/wp-json\/wp\/v2\/comments?post=3"}],"version-history":[{"count":33,"href":"https:\/\/gaellejabesimage.com\/index.php\/wp-json\/wp\/v2\/pages\/3\/revisions"}],"predecessor-version":[{"id":10982,"href":"https:\/\/gaellejabesimage.com\/index.php\/wp-json\/wp\/v2\/pages\/3\/revisions\/10982"}],"wp:attachment":[{"href":"https:\/\/gaellejabesimage.com\/index.php\/wp-json\/wp\/v2\/media?parent=3"}],"curies":[{"name":"wp","href":"https:\/\/api.w.org\/{rel}","templated":true}]}}