{"id":7355,"date":"2023-03-22T20:53:23","date_gmt":"2023-03-22T19:53:23","guid":{"rendered":"https:\/\/gaellejabesimage.com\/?page_id=7355"},"modified":"2023-11-21T23:43:19","modified_gmt":"2023-11-21T22:43:19","slug":"mentions-legales","status":"publish","type":"page","link":"https:\/\/gaellejabesimage.com\/index.php\/mentions-legales\/","title":{"rendered":"Mentions l\u00e9gales"},"content":{"rendered":"\t\t<div data-elementor-type=\"wp-page\" data-elementor-id=\"7355\" class=\"elementor elementor-7355\" data-elementor-post-type=\"page\">\n\t\t\t\t\t\t<section class=\"elementor-section elementor-top-section elementor-element elementor-element-54fd06b5 elementor-section-boxed elementor-section-height-default elementor-section-height-default\" data-id=\"54fd06b5\" data-element_type=\"section\" data-e-type=\"section\">\n\t\t\t\t\t\t<div class=\"elementor-container elementor-column-gap-default\">\n\t\t\t\t\t<div class=\"elementor-column elementor-col-100 elementor-top-column elementor-element elementor-element-11c940a6\" data-id=\"11c940a6\" data-element_type=\"column\" data-e-type=\"column\">\n\t\t\t<div class=\"elementor-widget-wrap elementor-element-populated\">\n\t\t\t\t\t\t<div class=\"elementor-element elementor-element-3d332e33 elementor-widget elementor-widget-text-editor\" data-id=\"3d332e33\" data-element_type=\"widget\" data-e-type=\"widget\" data-widget_type=\"text-editor.default\">\n\t\t\t\t<div class=\"elementor-widget-container\">\n\t\t\t\t\t\t\t\t\t<h4><strong>Identification &amp; activit\u00e9<\/strong><\/h4><div><p>Le site <b>gaellejabesimage.com<\/b> est la propri\u00e9t\u00e9 exclusive de Ga\u00eblle JABES.<\/p><p>Entrepreneur individuel dont le si\u00e8ge social est situ\u00e9 :<\/p><p>RUE DU DOCTEUR VARIOT<br \/>93110 ROSNY-SOUS-BOIS<br \/>FRANCE<\/p><p>Tel : <a href=\"tel:+33665927090\">+33 6 65 92 70 90<\/a><br \/>E-mail : <a href=\"mailto:hello@gaellejabesimage.com\">hello@gaellejabesimage.com<\/a><br \/>Immatriculation 850 188 723 au RCS de Bobigny<br \/>Num\u00e9ro TVA Intracommunautaire : FR69850188723<\/p><\/div><h4>\u00a0<\/h4><h4><strong>H\u00e9bergeur du site<\/strong><\/h4><p>Le site <b>gaellejabesimage.com <\/b>est h\u00e9berg\u00e9 par la soci\u00e9t\u00e9 Hostinger, dont le si\u00e8ge social est situ\u00e9 \u00e0 <em>HOSTINGER INTERNATIONAL LTD, 61 Lordou Vironos Street, 6023 Larnaca, Chypre<\/em>, joignable par le moyen suivant : <a href=\"https:\/\/www.hostinger.fr\/contact\" target=\"_blank\" rel=\"noreferrer noopener\">https:\/\/www.hostinger.fr\/contact<\/a><\/p><h4>\u00a0<\/h4><h4><strong>Propri\u00e9t\u00e9 intellectuelle<\/strong><\/h4><p>Le site <b>gaellejabesimage.com<\/b> utilise des images dite \u00ab libre de droits \u00bb issues de banque d&rsquo;image. Toutefois cette mention ne signifie pas que leur utilisation est exempte de toute condition ou pr\u00e9caution. En effet ces images restent la propri\u00e9t\u00e9 de leurs auteurs et sont soumises \u00e0 une licence. Leurs utilisations et reproductions doivent donc se faire en accord avec ces licences.<\/p><p>Les textes, logos pr\u00e9sent sur ce site sont la propri\u00e9t\u00e9 de <b>Ga\u00eblle Jabes Image<\/b>, ils sont prot\u00e9g\u00e9s par le droit national et international de la propri\u00e9t\u00e9 intellectuelle. De ce fait l&rsquo;autorisation \u00e9crite de <b>Ga\u00eblle Jabes Image<\/b> est n\u00e9cessaire pour toute reproduction, repr\u00e9sentation, adaptation, traduction et\/ou transformation partielle ou int\u00e9grale, ou un transfert sur un autre site web de ces \u00e9l\u00e9ments.<\/p><h4>\u00a0<\/h4><h4><strong>Marque<\/strong><\/h4><p>Le logo &amp; la marque <b>Ga\u00eblle Jabes Image<\/b> pr\u00e9sent sur ce site sont d\u00e9pos\u00e9s par l&rsquo;entrepreneur individuel qui en est propri\u00e9taire.<br \/>Toute reproduction, r\u00e9\u00e9dition ou redistribution du nom ou logo, par quelque moyen que ce soit, sans autorisation pr\u00e9alable et \u00e9crite de son titulaire concern\u00e9 est interdite par la loi.<\/p>\t\t\t\t\t\t\t\t<\/div>\n\t\t\t\t<\/div>\n\t\t\t\t\t<\/div>\n\t\t<\/div>\n\t\t\t\t\t<\/div>\n\t\t<\/section>\n\t\t\t\t<\/div>\n\t\t","protected":false},"excerpt":{"rendered":"<p>Identification &amp; activit\u00e9 Le site gaellejabesimage.com est la propri\u00e9t\u00e9 exclusive de Ga\u00eblle JABES. Entrepreneur individuel dont le si\u00e8ge social est situ\u00e9 : RUE DU DOCTEUR VARIOT93110 ROSNY-SOUS-BOISFRANCE Tel : +33 6 65 92 70 90E-mail : hello@gaellejabesimage.comImmatriculation 850 188 723 au RCS de BobignyNum\u00e9ro TVA Intracommunautaire : FR69850188723 \u00a0 H\u00e9bergeur [&hellip;]<\/p>\n","protected":false},"author":2,"featured_media":0,"parent":0,"menu_order":0,"comment_status":"closed","ping_status":"closed","template":"","meta":{"_editorskit_title_hidden":false,"_editorskit_reading_time":1,"_editorskit_is_block_options_detached":false,"_editorskit_block_options_position":"{}","iawp_total_views":5,"footnotes":""},"class_list":["post-7355","page","type-page","status-publish","hentry"],"aioseo_notices":[],"_links":{"self":[{"href":"https:\/\/gaellejabesimage.com\/index.php\/wp-json\/wp\/v2\/pages\/7355","targetHints":{"allow":["GET"]}}],"collection":[{"href":"https:\/\/gaellejabesimage.com\/index.php\/wp-json\/wp\/v2\/pages"}],"about":[{"href":"https:\/\/gaellejabesimage.com\/index.php\/wp-json\/wp\/v2\/types\/page"}],"author":[{"embeddable":true,"href":"https:\/\/gaellejabesimage.com\/index.php\/wp-json\/wp\/v2\/users\/2"}],"replies":[{"embeddable":true,"href":"https:\/\/gaellejabesimage.com\/index.php\/wp-json\/wp\/v2\/comments?post=7355"}],"version-history":[{"count":53,"href":"https:\/\/gaellejabesimage.com\/index.php\/wp-json\/wp\/v2\/pages\/7355\/revisions"}],"predecessor-version":[{"id":10975,"href":"https:\/\/gaellejabesimage.com\/index.php\/wp-json\/wp\/v2\/pages\/7355\/revisions\/10975"}],"wp:attachment":[{"href":"https:\/\/gaellejabesimage.com\/index.php\/wp-json\/wp\/v2\/media?parent=7355"}],"curies":[{"name":"wp","href":"https:\/\/api.w.org\/{rel}","templated":true}]}}