{"id":7432,"date":"2023-03-23T21:53:08","date_gmt":"2023-03-23T20:53:08","guid":{"rendered":"https:\/\/gaellejabesimage.com\/?page_id=7432"},"modified":"2023-11-21T23:49:54","modified_gmt":"2023-11-21T22:49:54","slug":"prendre-un-rendez-vous","status":"publish","type":"page","link":"https:\/\/gaellejabesimage.com\/index.php\/prendre-un-rendez-vous\/","title":{"rendered":"Prendre un rendez-vous"},"content":{"rendered":"\t\t<div data-elementor-type=\"wp-page\" data-elementor-id=\"7432\" class=\"elementor elementor-7432\" data-elementor-post-type=\"page\">\n\t\t\t\t\t\t<section class=\"elementor-section elementor-top-section elementor-element elementor-element-579ccd1 elementor-section-full_width elementor-section-height-default elementor-section-height-default\" data-id=\"579ccd1\" data-element_type=\"section\" data-e-type=\"section\">\n\t\t\t\t\t\t<div class=\"elementor-container elementor-column-gap-default\">\n\t\t\t\t\t<div class=\"elementor-column elementor-col-100 elementor-top-column elementor-element elementor-element-f00d4b3\" data-id=\"f00d4b3\" data-element_type=\"column\" data-e-type=\"column\">\n\t\t\t<div class=\"elementor-widget-wrap elementor-element-populated\">\n\t\t\t\t\t\t<div class=\"elementor-element elementor-element-0de7b48 elementor-widget elementor-widget-heading\" data-id=\"0de7b48\" data-element_type=\"widget\" data-e-type=\"widget\" data-widget_type=\"heading.default\">\n\t\t\t\t<div class=\"elementor-widget-container\">\n\t\t\t\t\t<h4 class=\"elementor-heading-title elementor-size-default\">Je te propose un 1er entretien t\u00e9l\u00e9phonique gratuit de 30 min<\/h4>\t\t\t\t<\/div>\n\t\t\t\t<\/div>\n\t\t\t\t\t<\/div>\n\t\t<\/div>\n\t\t\t\t\t<\/div>\n\t\t<\/section>\n\t\t\t\t<section class=\"elementor-section elementor-top-section elementor-element elementor-element-30e0b11 elementor-section-full_width elementor-section-height-default elementor-section-height-default\" data-id=\"30e0b11\" data-element_type=\"section\" data-e-type=\"section\">\n\t\t\t\t\t\t<div class=\"elementor-container elementor-column-gap-default\">\n\t\t\t\t\t<div class=\"elementor-column elementor-col-100 elementor-top-column elementor-element elementor-element-711399b\" data-id=\"711399b\" data-element_type=\"column\" data-e-type=\"column\">\n\t\t\t<div class=\"elementor-widget-wrap elementor-element-populated\">\n\t\t\t\t\t\t<div class=\"elementor-element elementor-element-485439a elementor-widget elementor-widget-text-editor\" data-id=\"485439a\" data-element_type=\"widget\" data-e-type=\"widget\" data-widget_type=\"text-editor.default\">\n\t\t\t\t<div class=\"elementor-widget-container\">\n\t\t\t\t\t\t\t\t\t<p>Ce premier rendez-vous nous permettra de faire connaissance mais \u00e9galement de r\u00e9pondre \u00e0 toutes tes questions concernant l&rsquo;accompagnement que je peux proposer, ainsi que tes premi\u00e8res interrogations sur la mani\u00e8re d&rsquo;aborder un changement dans ton style vestimentaire.<\/p>\n<p>N&rsquo;h\u00e9site surtout pas et r\u00e9serve ton appel !<\/p>\n<p><\/p>\t\t\t\t\t\t\t\t<\/div>\n\t\t\t\t<\/div>\n\t\t\t\t\t<\/div>\n\t\t<\/div>\n\t\t\t\t\t<\/div>\n\t\t<\/section>\n\t\t\t\t<section class=\"elementor-section elementor-top-section elementor-element elementor-element-edaf929 elementor-section-full_width elementor-section-height-default elementor-section-height-default\" data-id=\"edaf929\" data-element_type=\"section\" data-e-type=\"section\">\n\t\t\t\t\t\t\t<div class=\"elementor-background-overlay\"><\/div>\n\t\t\t\t\t\t\t<div class=\"elementor-container elementor-column-gap-default\">\n\t\t\t\t\t<div class=\"elementor-column elementor-col-66 elementor-top-column elementor-element elementor-element-f275fe4\" data-id=\"f275fe4\" data-element_type=\"column\" data-e-type=\"column\">\n\t\t\t<div class=\"elementor-widget-wrap elementor-element-populated\">\n\t\t\t\t\t\t<div class=\"elementor-element elementor-element-4f1c847 elementor-widget__width-initial elementor-invisible elementor-widget elementor-widget-stepbooking\" data-id=\"4f1c847\" data-element_type=\"widget\" data-e-type=\"widget\" data-settings=\"{&quot;_animation&quot;:&quot;fadeIn&quot;}\" data-widget_type=\"stepbooking.default\">\n\t\t\t\t<div class=\"elementor-widget-container\">\n\t\t\t\t\t\n<script>\n  if (typeof hasAmeliaEntitiesApiCall === 'undefined' && ('' === '' && '' !== '1')) {\n    var hasAmeliaEntitiesApiCall = true;\n  }\n  var ameliaShortcodeData = (typeof ameliaShortcodeData === 'undefined') ? [] : ameliaShortcodeData;\n  ameliaShortcodeData.push(\n    {\n      'hasApiCall': (typeof hasAmeliaEntitiesApiCall !== 'undefined') && hasAmeliaEntitiesApiCall,\n      'trigger': '',\n      'trigger_type': '',\n      'triggered_form': 'sbsNew',\n      'in_dialog': '',\n      'show': '',\n      'counter': '1000',\n      'category': '',\n      'service': '1',\n      'employee': '1',\n      'location': '',\n      'package': '',\n      'layout': '1',\n    }\n  );\n\n  var ameliaShortcodeDataTriggered = (typeof ameliaShortcodeDataTriggered === 'undefined') ? [] : ameliaShortcodeDataTriggered;\n  if (ameliaShortcodeData[ameliaShortcodeData.length - 1].trigger !== '') {\n    if (ameliaShortcodeDataTriggered.filter(a => a.counter === ameliaShortcodeData[ameliaShortcodeData.length - 1].counter).length === 0) {\n      ameliaShortcodeDataTriggered.push(ameliaShortcodeData.pop());\n    } else {\n      ameliaShortcodeData.pop()\n    }\n  }\n  if (typeof hasAmeliaEntitiesApiCall !== 'undefined' && hasAmeliaEntitiesApiCall) {\n    hasAmeliaEntitiesApiCall = false;\n  }\n<\/script>\n\n<div\n  id=\"amelia-v2-booking-1000\"\n  class=\"amelia-v2-booking\"\n >\n    <step-form-wrapper><\/step-form-wrapper><\/div>\n\t\t\t\t<\/div>\n\t\t\t\t<\/div>\n\t\t\t\t\t<\/div>\n\t\t<\/div>\n\t\t\t\t<div class=\"elementor-column elementor-col-33 elementor-top-column elementor-element elementor-element-7b6d4ca\" data-id=\"7b6d4ca\" data-element_type=\"column\" data-e-type=\"column\">\n\t\t\t<div class=\"elementor-widget-wrap elementor-element-populated\">\n\t\t\t\t\t\t<div class=\"elementor-element elementor-element-64fcda3 elementor-widget elementor-widget-image\" data-id=\"64fcda3\" data-element_type=\"widget\" data-e-type=\"widget\" data-widget_type=\"image.default\">\n\t\t\t\t<div class=\"elementor-widget-container\">\n\t\t\t\t\t\t\t\t\t\t\t\t\t\t\t<img fetchpriority=\"high\" decoding=\"async\" width=\"640\" height=\"905\" src=\"https:\/\/gaellejabesimage.com\/wp-content\/uploads\/2023\/06\/logologo-1-724x1024.jpeg\" class=\"attachment-large size-large wp-image-8105\" alt=\"logologo\" srcset=\"https:\/\/gaellejabesimage.com\/wp-content\/uploads\/2023\/06\/logologo-1-724x1024.jpeg 724w, https:\/\/gaellejabesimage.com\/wp-content\/uploads\/2023\/06\/logologo-1-212x300.jpeg 212w, https:\/\/gaellejabesimage.com\/wp-content\/uploads\/2023\/06\/logologo-1-768x1086.jpeg 768w, https:\/\/gaellejabesimage.com\/wp-content\/uploads\/2023\/06\/logologo-1-1086x1536.jpeg 1086w, https:\/\/gaellejabesimage.com\/wp-content\/uploads\/2023\/06\/logologo-1-600x849.jpeg 600w, https:\/\/gaellejabesimage.com\/wp-content\/uploads\/2023\/06\/logologo-1.jpeg 1131w\" sizes=\"(max-width: 640px) 100vw, 640px\" \/>\t\t\t\t\t\t\t\t\t\t\t\t\t\t\t<\/div>\n\t\t\t\t<\/div>\n\t\t\t\t\t<\/div>\n\t\t<\/div>\n\t\t\t\t\t<\/div>\n\t\t<\/section>\n\t\t\t\t<\/div>\n\t\t","protected":false},"excerpt":{"rendered":"<p>Je te propose un 1er entretien t\u00e9l\u00e9phonique gratuit de 30 min Ce premier rendez-vous nous permettra de faire connaissance mais \u00e9galement de r\u00e9pondre \u00e0 toutes tes questions concernant l&rsquo;accompagnement que je peux proposer, ainsi que tes premi\u00e8res interrogations sur la mani\u00e8re d&rsquo;aborder un changement dans ton style vestimentaire. N&rsquo;h\u00e9site surtout [&hellip;]<\/p>\n","protected":false},"author":2,"featured_media":0,"parent":0,"menu_order":0,"comment_status":"closed","ping_status":"closed","template":"","meta":{"_editorskit_title_hidden":false,"_editorskit_reading_time":0,"_editorskit_is_block_options_detached":false,"_editorskit_block_options_position":"{}","iawp_total_views":26,"footnotes":""},"class_list":["post-7432","page","type-page","status-publish","hentry"],"aioseo_notices":[],"_links":{"self":[{"href":"https:\/\/gaellejabesimage.com\/index.php\/wp-json\/wp\/v2\/pages\/7432","targetHints":{"allow":["GET"]}}],"collection":[{"href":"https:\/\/gaellejabesimage.com\/index.php\/wp-json\/wp\/v2\/pages"}],"about":[{"href":"https:\/\/gaellejabesimage.com\/index.php\/wp-json\/wp\/v2\/types\/page"}],"author":[{"embeddable":true,"href":"https:\/\/gaellejabesimage.com\/index.php\/wp-json\/wp\/v2\/users\/2"}],"replies":[{"embeddable":true,"href":"https:\/\/gaellejabesimage.com\/index.php\/wp-json\/wp\/v2\/comments?post=7432"}],"version-history":[{"count":149,"href":"https:\/\/gaellejabesimage.com\/index.php\/wp-json\/wp\/v2\/pages\/7432\/revisions"}],"predecessor-version":[{"id":10985,"href":"https:\/\/gaellejabesimage.com\/index.php\/wp-json\/wp\/v2\/pages\/7432\/revisions\/10985"}],"wp:attachment":[{"href":"https:\/\/gaellejabesimage.com\/index.php\/wp-json\/wp\/v2\/media?parent=7432"}],"curies":[{"name":"wp","href":"https:\/\/api.w.org\/{rel}","templated":true}]}}